{"id":35,"date":"2024-08-07T10:03:04","date_gmt":"2024-08-07T09:03:04","guid":{"rendered":"http:\/\/ghanim-solution.de\/?page_id=35"},"modified":"2026-04-17T11:21:02","modified_gmt":"2026-04-17T10:21:02","slug":"ueber-mich","status":"publish","type":"page","link":"https:\/\/ghanim-solution.de\/index.php\/ueber-mich\/","title":{"rendered":"\u00fcber mich"},"content":{"rendered":"\n<div class=\"wp-block-group has-global-padding is-layout-constrained wp-block-group-is-layout-constrained\">\n<div style=\"max-width: 800px; margin: 0 auto; font-family: Arial, sans-serif; line-height: 1.6; padding: 20px; background-color: #f9f9f9; box-shadow: 0 4px 10px rgba(0, 0, 0, 0.1); border-radius: 10px;\">\n    <div style=\"text-align: center;\">\n    <img decoding=\"async\" src=\"\/wp-content\/uploads\/2024\/08\/Walid_B.jpg\" alt=\"Walid Alghanim\" style=\"border-radius: 50%; width: 150px; height: 150px; object-fit: cover;\">\n        <h1 style=\"margin-top: 20px; font-size: 28px; color: #333;\">WALID ALGHANIM<\/h1>\n        <p style=\"color: #777; font-size: 18px;\">Anwendungsentwickler<\/p>\n    <\/div>\n    \n    <hr style=\"border: 1px solid #ddd; margin: 20px 0;\">\n    \n    <h2 style=\"color: #3498db;\">\u00dcber mich<\/h2>\n    <p style=\"text-align: justify; color: #555;\">\n  2011 habe ich meinen Bachelor of Science (B.Sc.) in Informationstechnologie in Syrien erfolgreich abgeschlossen. Anschlie\u00dfend arbeitete ich ein Jahr im Bildungsministerium.\nAnfang 2015 bin ich nach Deutschland gezogen, wo ich einen Sprachkurs absolvierte und die B1-Pr\u00fcfung im Jahr 2015, B2-C1 im Jahr 2016 und die DSH-Pr\u00fcfung im Jahr 2017 mit Erfolg bestand. Von 2017\/2018 bis 2020 habe ich in K\u00f6ln eine Umschulung zum Fachinformatiker f\u00fcr Anwendungsentwicklung gemacht und 2021 die Abschlusspr\u00fcfung erfolgreich bestanden.\nW\u00e4hrend der Umschulung lernte ich PHP, JAVA, SQL sowie Netzwerkkonzepte. Au\u00dferdem absolvierte ich ein 7-monatiges Praktikum bei der Firma Consulting 365 in K\u00f6ln im Bereich Microsoft Dynamics 365. Dort arbeitete ich sowohl im Frontend als auch im Backend und sammelte wertvolle Erfahrungen mit Dynamics CRM, .NET\/C#, Linq Queries, FetchXML und JavaScript.\nZus\u00e4tzlich habe ich w\u00e4hrenddessen die Zertifizierung als Microsoft Certified Professional (MCP) erfolgreich abgeschlossen.\n2022 begann ich meinen Master in Medieninformatik mit Schwerpunkt Human-Computer Interaction an der TH K\u00f6ln \u2013 Gummersbach. In der Praxisphase des Studiums konnte ich mein Wissen vertiefen. Unter anderem entwickelte ich ein Projekt f\u00fcr eine Bl\u00fchstreifenrechner-App f\u00fcr Android und iOS mit dem React Framework, das ich erfolgreich abschloss.\nDar\u00fcber hinaus habe ich mich intensiv mit Figma, Canva und <span class=\"latex\">L<sup>a<\/sup>T<sub>e<\/sub>X<\/span> besch\u00e4ftigt und wertvolle Erfahrungen damit gesammelt. Auf der Suche nach einer passenden Arbeitsstelle stellte ich fest, dass CMS-Systeme wie WordPress auf dem Arbeitsmarkt sehr gefragt sind. Daher begann ich, WordPress selbstst\u00e4ndig zu erlernen und praxisnah anzuwenden. So vertiefte ich meine Kenntnisse in JavaScript, PHP und CSS und sammelte umfassende Erfahrungen.\n\n\n    <\/p>\n    \n    <h2 style=\"color: #3498db;\">Berufserfahrung<\/h2>\n    <ul style=\"list-style: none; padding: 0;\">\n        <li style=\"margin-bottom: 20px;\">\n            <h3 style=\"margin: 0; color: #333;\">Selbstst\u00e4ndiger Webentwickler (WordPress)<\/h3>\n            <p style=\"color: #777;\">Juni 2024 &#8211; Oktober 2024<\/p>\n            <p style=\"color: #555;\">Es wurden umfangreiche Erfahrungen in der Entwicklung und Anpassung von Themes und Plugins gesammelt. \n                Eine vollst\u00e4ndige Website wurde eigenst\u00e4ndig aufgebaut und betreut, einschlie\u00dflich der Implementierung eines responsiven Designs. \n                Benutzerdefinierte Funktionen mit PHP, JavaScript und CSS wurden erstellt, um die Website individuell anzupassen. \n                Zudem erfolgte die Integration von Kontaktformularen und der E-Mail-Versand, ebenso wie die Entwicklung des Men\u00fcs f\u00fcr mobile und Desktop-Ansichten, alles ohne den Einsatz von Plugins.\n\n            <\/p>\n        <\/li>\n        <li style=\"margin-bottom: 20px;\">\n            <h3 style=\"margin: 0; color: #333;\">Mobile App-Entwickler<\/h3>\n            <p style=\"color: #777;\">Bl\u00fchstreifenrechner App, Oktober 2022 \u2013 April 2024 <\/p>\n            <p style=\"color: #555;\">\n                Das Projekt &#8220;Bl\u00fchstreifenrechner App&#8221; wurde in drei Phasen durchgef\u00fchrt: \n                <strong>Vision und Konzept<\/strong>, \n                <strong>Entwicklung<\/strong> und \n                <strong>Evaluation<\/strong>. \n                In der ersten Phase wurde das Konzept der App entwickelt, und es wurde umfangreiche Recherche betrieben, um die Bed\u00fcrfnisse der Zielgruppe zu identifizieren und die Funktionalit\u00e4ten der App festzulegen.<br>\n                \n                In der zweiten Phase konzentrierte sich das Team auf die Implementierung der App f\u00fcr iOS und Android. Dabei wurde die App mit Expo und React Native entwickelt, wobei moderne Technologien wie JavaScript, TypeScript und Hooks zum Einsatz kamen. Diese Technologien erm\u00f6glichten eine effiziente und flexible Entwicklung sowie eine ansprechende Benutzeroberfl\u00e4che.<br>\n                \n                Die dritte Phase umfasste die Evaluation, in der \u00fcberpr\u00fcft wurde, ob jede durchgef\u00fchrte Aktion der Nutzer nachvollziehbar ist. Hierbei wurden Benutzerfeedback und Analysen herangezogen, um die Benutzererfahrung zu optimieren und sicherzustellen, dass die App den Erwartungen der Nutzer gerecht wird.\n            <\/p>\n            \n        <\/li>\n\n        <li style=\"margin-bottom: 20px;\"><\/li>\n            <h3 style=\"margin: 0; color: #333;\">Microsoft Dynamics 365<\/h3>\n            <p style=\"color: #777;\">M\u00e4rz 2019 &#8211; November 2019<\/p>\n            <p style=\"color: #555;\">\n                Im Rahmen meines 8-monatigen Praktikums bei Consulting 365 wurden Schwerpunkte auf die Entwicklung und Implementierung von L\u00f6sungen im Bereich Dynamics CRM gelegt. Es wurden umfangreiche Erfahrungen in der Programmierung mit .NET\/C# gesammelt, um ma\u00dfgeschneiderte L\u00f6sungen durch die Integration von CRM-Systemen in Unternehmensprozesse zu schaffen. Technische Kenntnisse in den Programmiersprachen C#, Java, JavaFX, JavaScript sowie in Datenbanktechnologien wie SQL und LINQ Query wurden erworben. Zus\u00e4tzlich wurde mit Fetchxml gearbeitet, um komplexe Datenstrukturen effizient zu handhaben.\n                Zudem wurden Tools wie Visual Studio, TFS und das CRM SDK eingesetzt, um Projekte in einer kollaborativen Umgebung zu entwickeln und zu verwalten.\n            <\/p>\n            \n        <\/li>\n    <\/ul>\n    \n\n    <h2 style=\"color: #3498db;\">Bildungsweg<\/h2>\n    <ul style=\"list-style: none; padding: 0;\">\n        <li style=\"margin-bottom: 20px;\">\n            <p style=\"color: #777 ; margin-bottom: 0;\">Septemper 2022 \u2013 Oktober2023<\/p>\n            <p style=\"color: #555; margin-top: 0; \">Master Medieninformatik Human-Computer Interaction TH K\u00f6ln \u2013 Gummersbach\n            <\/p>\n        <\/li>\n        <li style=\"margin-bottom: 20px;\">\n            <p style=\"color: #777 ; margin-bottom: 0;\">Juni 2021 <\/p>\n            <p style=\"color: #555; margin-top: 0;\">\n                Abschlusspr\u00fcfung<br>\n                Fachinformatiker Anwendungsentwicklung Bestanden\n             <\/p>\n        <\/li>\n\n        <li style=\"margin-bottom: 20px;\">\n            <p style=\"color: #777; margin-bottom: 0;\">Septemper 2018 <\/p>\n            <p style=\"color: #555; margin-top: 0;\">\n                Microsoft Certified Professional (MCP)<br>\n                Installation und Konfiguration Windows 2012\n             <\/p>\n        <\/li>\n\n        <li style=\"margin-bottom: 20px;\">\n            <p style=\"color: #777;margin-bottom: 0;\">Dezember 2017 &#8211; Juli 2020 <\/p>\n            <p style=\"color: #555;margin-top: 0;\">\n                Umschulung bei BBQ in K\u00f6ln<br>\n                Fachinformatiker Anwendungsentwicklung\n             <\/p>\n        <\/li>\n\n        <li style=\"margin-bottom: 20px;\">\n            <p style=\"color: #777; margin-bottom: 0;\">Mai 2017 &#8211; Februar 2017 <\/p>\n            <p style=\"color: #555;margin-top: 0;\">\n                Vorbereitung und Abschluss der DSH Pr\u00fcfung\n            <\/p>\n        <\/li>\n\n        <li style=\"margin-bottom: 20px;\">\n            <p style=\"color: #777;margin-bottom: 0;\">August 2016 &#8211; Februar 2017<\/p>\n            <p style=\"color: #555; margin-top: 0;\">\n                Studienvorbereitender B2-C1 Sprachkurs <br>\n                bei Fortbildungsakademie der Wirtschaft gemeinn\u00fctzige GmbH, K\u00f6ln\n            <\/p>\n        <\/li>\n\n        <li style=\"margin-bottom: 20px;\"><\/li>\n            <p style=\"color: #777; margin-bottom: 0;\">Oktober 2004 &#8211; Juni 2010<\/p>\n            <p style=\"color: #555; margin-top: 0;\">\n                Bachelor of Science (B.Sc.) in Informationstechnologie <br>\n                Syrische virtuelle Universit\u00e4t (SVU), Damaskus\n            <\/p>\n        <\/li>\n\n        <li style=\"margin-bottom: 20px;\"><\/li>\n        <p style=\"color: #777; margin-bottom: 0;\">Oktober 2003 &#8211; Septemper 2004<\/p>\n        <p style=\"color: #555; margin-top: 0;\">\n            Studium der Mathematik (abgebrochen) <br>\n            Naturwissenschfliche Universit\u00e4t, Damaskus\n        <\/p>\n    <\/li>\n\n        <li style=\"margin-bottom: 20px;\"><\/li>\n            <p style=\"color: #777; margin-bottom: 0;\">Oktober 2004 &#8211; Juni 2010<\/p>\n            <p style=\"color: #555; margin-top: 0;\">\n                Bachelor of Science (B.Sc.) in Informationstechnologie <br>\n                Syrische virtuelle Universit\u00e4t (SVU), Damaskus\n            <\/p>\n        <\/li>\n\n        <li style=\"margin-bottom: 20px;\"><\/li>\n            <p style=\"color: #777; margin-bottom: 0;\">Septemper 2000 &#8211; Juni 2003<\/p>\n            <p style=\"color: #555; margin-top: 0;\">\n                Fachgebundene Hochschulreife (Abitur) <br>\n                Gymnasium, Zayid Al-Awal, Al-Ain VAE\n            <\/p>\n        <\/li>\n\n        <li style=\"margin-bottom: 20px;\"><\/li>\n            <p style=\"color: #777; margin-bottom: 0;\">Septemper 1997 &#8211; Juli 2000<\/p>\n            <p style=\"color: #555; margin-top: 0;\">\n                Sekundarschule, Al-Ain VAE\n            <\/p>\n        <\/li>\n\n        <li style=\"margin-bottom: 20px;\"><\/li>\n            <p style=\"color: #777; margin-bottom: 0;\">Septemper 1991 &#8211; Juni 1997<\/p>\n            <p style=\"color: #555; margin-top: 0;\">\n                Primarschule, Ajman VAE\n            <\/p>\n        <\/li>\n\n    <\/ul>\n\n    <h2 style=\"color: #3498db;\">Kenntnisse &#038; F\u00e4higkeiten<\/h2>\n    <ul style=\"list-style: none; padding: 0;\">\n        <li style=\"margin-bottom: 15px;\">\n            <h5 style=\"margin: 0; color: #333;\">Sprachen<\/h5>\n            <li style=\"color: #555;\">\u2022 Arabisch (Muttersprache )<\/li>\n            <li style=\"color: #555;\">\u2022 Deutsch C1 Niveua<\/li>\n            <li style=\"color: #555;\">\u2022 Englisch Grundkenntnisse<\/li>    \n        <\/li>\n        <li style=\"margin-bottom: 15px; margin-top: 40px;\">\n            <h5 style=\"margin: 0; color: #333;\">EDV-Kenntnisse<\/h5>\n         <p style=\"color:#555 ;\"><span class=\"latex\">L<sup>a<\/sup>T<sub>e<\/sub>X<\/span>, Microsoft Office, Cloud Software (Nextcloud) Adobe Photoshop, Windows, Mac und Linux Betriebsysteme <\/p>\n            \n        <\/li>\n    <\/ul>   \n\n    \n\n    <h2 style=\"color: #3498db;\">Ehrenamtliche T\u00e4tigkeit<\/h2>\n    <ul style=\"list-style: none; padding: 0;\">\n\n        <li style=\"margin-bottom: 20px;\">\n            <p style=\"color: #777 ; margin-bottom: 0;\">Septemper 2019 &#8211; Heute<\/p>\n            <p style=\"color: #555; margin-top: 0; \">Bei der Organisation Foodsharing<\/p>\n        <\/li>\n\n        <li style=\"margin-bottom: 20px;\">\n            <p style=\"color: #777 ; margin-bottom: 0;\">M\u00e4rz 2018 &#8211; Oktober 2018<\/p>\n            <p style=\"color: #555; margin-top: 0; \">Am Projekt Naturpark Heimat, Essen<\/p>\n        <\/li>\n\n    <\/ul>\n\n\n    <h2 style=\"color: #3498db;\">Kontakt<\/h2>\n    <p style=\"color: #555;\">Email: <a href=\"mailto:example@example.com\" style=\"color: #3498db;\">ghanim.w@gmail.com<\/a><\/p>\n    <p style=\"color: #555;\">Telefon: 0157 72649674<\/p>\n<\/div>\n<\/div>\n\n\n\n<p><\/p>\n","protected":false},"excerpt":{"rendered":"<p>WALID ALGHANIM Anwendungsentwickler \u00dcber mich 2011 habe ich meinen Bachelor of Science (B.Sc.) in Informationstechnologie in Syrien erfolgreich abgeschlossen. Anschlie\u00dfend arbeitete ich ein Jahr im Bildungsministerium. Anfang 2015 bin ich nach Deutschland gezogen, wo ich einen Sprachkurs absolvierte und die B1-Pr\u00fcfung im Jahr 2015, B2-C1 im Jahr 2016 und die DSH-Pr\u00fcfung im Jahr 2017 mit [&hellip;]<\/p>\n","protected":false},"author":1,"featured_media":0,"parent":0,"menu_order":0,"comment_status":"closed","ping_status":"closed","template":"","meta":{"footnotes":""},"class_list":["post-35","page","type-page","status-publish","hentry"],"_links":{"self":[{"href":"https:\/\/ghanim-solution.de\/index.php\/wp-json\/wp\/v2\/pages\/35","targetHints":{"allow":["GET"]}}],"collection":[{"href":"https:\/\/ghanim-solution.de\/index.php\/wp-json\/wp\/v2\/pages"}],"about":[{"href":"https:\/\/ghanim-solution.de\/index.php\/wp-json\/wp\/v2\/types\/page"}],"author":[{"embeddable":true,"href":"https:\/\/ghanim-solution.de\/index.php\/wp-json\/wp\/v2\/users\/1"}],"replies":[{"embeddable":true,"href":"https:\/\/ghanim-solution.de\/index.php\/wp-json\/wp\/v2\/comments?post=35"}],"version-history":[{"count":51,"href":"https:\/\/ghanim-solution.de\/index.php\/wp-json\/wp\/v2\/pages\/35\/revisions"}],"predecessor-version":[{"id":2104,"href":"https:\/\/ghanim-solution.de\/index.php\/wp-json\/wp\/v2\/pages\/35\/revisions\/2104"}],"wp:attachment":[{"href":"https:\/\/ghanim-solution.de\/index.php\/wp-json\/wp\/v2\/media?parent=35"}],"curies":[{"name":"wp","href":"https:\/\/api.w.org\/{rel}","templated":true}]}}