{"id":776,"date":"2024-09-14T12:30:06","date_gmt":"2024-09-14T11:30:06","guid":{"rendered":"http:\/\/ghanim-solution.de\/?page_id=776"},"modified":"2025-08-25T23:32:56","modified_gmt":"2025-08-25T22:32:56","slug":"blog","status":"publish","type":"page","link":"https:\/\/ghanim-solution.de\/index.php\/blog\/","title":{"rendered":"Blog"},"content":{"rendered":"\n<div class=\"wp-block-query has-global-padding is-layout-constrained wp-block-query-is-layout-constrained\">\n\n\n<div class=\"wp-block-group has-global-padding is-layout-constrained wp-container-core-group-is-layout-88e01626 wp-block-group-is-layout-constrained\" style=\"margin-top:0;margin-bottom:0;padding-top:var(--wp--preset--spacing--50);padding-right:0;padding-bottom:var(--wp--preset--spacing--50);padding-left:0\"><ul class=\"alignfull wp-block-post-template is-layout-flow wp-container-core-post-template-is-layout-09c064ec wp-block-post-template-is-layout-flow\"><li class=\"wp-block-post post-2099 post type-post status-publish format-standard has-post-thumbnail hentry category-uncategorised\">\n<figure style=\"aspect-ratio:3\/2; margin-bottom:var(--wp--preset--spacing--20);\" class=\"wp-block-post-featured-image\"><a href=\"https:\/\/ghanim-solution.de\/index.php\/2026\/02\/26\/authentifizierung-2fa-fur-debian-uber-ssh-einrichten-google-authenticator-totp\/\" target=\"_self\"  ><img loading=\"lazy\" decoding=\"async\" width=\"623\" height=\"404\" src=\"https:\/\/ghanim-solution.de\/wp-content\/uploads\/2026\/02\/Bildschirmfoto-2026-02-26-um-08.13.08.png\" class=\"attachment-post-thumbnail size-post-thumbnail wp-post-image\" alt=\"Authentifizierung (2FA) f\u00fcr Debian \u00fcber SSH einrichten (Google Authenticator \/ TOTP)\" style=\"width:100%;height:100%;object-fit:cover;\" srcset=\"https:\/\/ghanim-solution.de\/wp-content\/uploads\/2026\/02\/Bildschirmfoto-2026-02-26-um-08.13.08.png 623w, https:\/\/ghanim-solution.de\/wp-content\/uploads\/2026\/02\/Bildschirmfoto-2026-02-26-um-08.13.08-300x195.png 300w\" sizes=\"auto, (max-width: 623px) 100vw, 623px\" \/><\/a><\/figure>\n\n\n<div class=\"wp-block-group is-vertical is-nowrap is-layout-flex wp-container-core-group-is-layout-9bc6ff26 wp-block-group-is-layout-flex\"><h2 style=\"margin-bottom:0;\" class=\"wp-block-post-title has-x-large-font-size\"><a href=\"https:\/\/ghanim-solution.de\/index.php\/2026\/02\/26\/authentifizierung-2fa-fur-debian-uber-ssh-einrichten-google-authenticator-totp\/\" target=\"_self\" >Authentifizierung (2FA) f\u00fcr Debian \u00fcber SSH einrichten (Google Authenticator \/ TOTP)<\/a><\/h2>\n\n<div class=\"wp-block-post-excerpt has-small-font-size\"><p class=\"wp-block-post-excerpt__excerpt\">Wenn dein Debian-Server (oder Raspberry Pi OS) per SSH erreichbar ist, solltest du ihn unbedingt zus\u00e4tzlich absichern.Mit 2-Faktor-Authentifizierung (2FA) sch\u00fctzt du dein System selbst dann, wenn jemand dein Passwort kennt. F\u00fcr Debian nutzt man daf\u00fcr meist den Google Authenticator.Wichtig: Du brauchst kein Google-Konto \u2013 es handelt sich um den offenen Standard TOTP (Time-based One-Time Password).&hellip; <\/p><\/div>\n\n\n<div style=\"height:0px\" aria-hidden=\"true\" class=\"wp-block-spacer wp-container-content-32e3a40d\"><\/div>\n<\/div>\n\n<\/li><li class=\"wp-block-post post-2090 post type-post status-publish format-standard has-post-thumbnail hentry category-uncategorised\">\n<figure style=\"aspect-ratio:3\/2; margin-bottom:var(--wp--preset--spacing--20);\" class=\"wp-block-post-featured-image\"><a href=\"https:\/\/ghanim-solution.de\/index.php\/2025\/12\/21\/pympress-unter-macos-ventura-mit-macports-installieren\/\" target=\"_self\"  ><img loading=\"lazy\" decoding=\"async\" width=\"968\" height=\"821\" src=\"https:\/\/ghanim-solution.de\/wp-content\/uploads\/2025\/12\/image.jpg\" class=\"attachment-post-thumbnail size-post-thumbnail wp-post-image\" alt=\"Pympress auf macOS mit MacPorts installieren\" style=\"width:100%;height:100%;object-fit:cover;\" srcset=\"https:\/\/ghanim-solution.de\/wp-content\/uploads\/2025\/12\/image.jpg 968w, https:\/\/ghanim-solution.de\/wp-content\/uploads\/2025\/12\/image-300x254.jpg 300w, https:\/\/ghanim-solution.de\/wp-content\/uploads\/2025\/12\/image-768x651.jpg 768w\" sizes=\"auto, (max-width: 968px) 100vw, 968px\" \/><\/a><\/figure>\n\n\n<div class=\"wp-block-group is-vertical is-nowrap is-layout-flex wp-container-core-group-is-layout-9bc6ff26 wp-block-group-is-layout-flex\"><h2 style=\"margin-bottom:0;\" class=\"wp-block-post-title has-x-large-font-size\"><a href=\"https:\/\/ghanim-solution.de\/index.php\/2025\/12\/21\/pympress-unter-macos-ventura-mit-macports-installieren\/\" target=\"_self\" >Pympress auf macOS mit MacPorts installieren<\/a><\/h2>\n\n<div class=\"wp-block-post-excerpt has-small-font-size\"><p class=\"wp-block-post-excerpt__excerpt\">Pympress ist ein Presenter-Tool f\u00fcr PDF-Pr\u00e4sentationen und eignet sich ideal f\u00fcr Zwei-Screen-Setups mit Beamer oder externem Monitor. Dabei wird auf dem Beamer nur der Pr\u00e4sentationsinhalt angezeigt, w\u00e4hrend auf dem Laptop die Referentenansicht mit Notizen, Timer und Vorschau erscheint. Besonders in Kombination mit LaTeX Beamer (z. B. mit der Option \u201eshow notes on second screen\u201c) lassen&hellip; <\/p><\/div>\n\n\n<div style=\"height:0px\" aria-hidden=\"true\" class=\"wp-block-spacer wp-container-content-32e3a40d\"><\/div>\n<\/div>\n\n<\/li><li class=\"wp-block-post post-2082 post type-post status-publish format-standard has-post-thumbnail hentry category-uncategorised\">\n<figure style=\"aspect-ratio:3\/2; margin-bottom:var(--wp--preset--spacing--20);\" class=\"wp-block-post-featured-image\"><a href=\"https:\/\/ghanim-solution.de\/index.php\/2025\/12\/16\/videos-in-latex-beamer-prasentationen-einbetten\/\" target=\"_self\"  ><img loading=\"lazy\" decoding=\"async\" width=\"677\" height=\"616\" src=\"https:\/\/ghanim-solution.de\/wp-content\/uploads\/2025\/12\/Download.png\" class=\"attachment-post-thumbnail size-post-thumbnail wp-post-image\" alt=\"Videos in LaTeX-Beamer-Pr\u00e4sentationen einbetten\" style=\"width:100%;height:100%;object-fit:cover;\" srcset=\"https:\/\/ghanim-solution.de\/wp-content\/uploads\/2025\/12\/Download.png 677w, https:\/\/ghanim-solution.de\/wp-content\/uploads\/2025\/12\/Download-300x273.png 300w\" sizes=\"auto, (max-width: 677px) 100vw, 677px\" \/><\/a><\/figure>\n\n\n<div class=\"wp-block-group is-vertical is-nowrap is-layout-flex wp-container-core-group-is-layout-9bc6ff26 wp-block-group-is-layout-flex\"><h2 style=\"margin-bottom:0;\" class=\"wp-block-post-title has-x-large-font-size\"><a href=\"https:\/\/ghanim-solution.de\/index.php\/2025\/12\/16\/videos-in-latex-beamer-prasentationen-einbetten\/\" target=\"_self\" >Videos in LaTeX-Beamer-Pr\u00e4sentationen einbetten<\/a><\/h2>\n\n<div class=\"wp-block-post-excerpt has-small-font-size\"><p class=\"wp-block-post-excerpt__excerpt\">LaTeX mit dem Beamer-Paket ist nicht nur f\u00fcr statische Pr\u00e4sentationen geeignet, sondern kann auch interaktive Elemente wie Videos enthalten.Mit dem Paket media9 lassen sich Videos direkt in PDF-Pr\u00e4sentationen einbetten, die in kompatiblen PDF-Readern (z. B. Adobe Acrobat Reader) abgespielt werden k\u00f6nnen. Wichtige Voraussetzungen Bevor Sie beginnen, stellen Sie sicher, dass: \u26a0\ufe0f Hinweis: Flash wird von&hellip; <\/p><\/div>\n\n\n<div style=\"height:0px\" aria-hidden=\"true\" class=\"wp-block-spacer wp-container-content-32e3a40d\"><\/div>\n<\/div>\n\n<\/li><\/ul>\n\n\n<div style=\"margin-top:0;margin-bottom:0;height:min(6.5rem, 8vw);width:0px\" aria-hidden=\"true\" class=\"wp-block-spacer\"><\/div>\n\n\n<nav class=\"wp-block-query-pagination is-content-justification-space-between is-layout-flex wp-container-core-query-pagination-is-layout-b2891da8 wp-block-query-pagination-is-layout-flex\" aria-label=\"Pagination\">\n\n\n<a href=\"\/index.php\/wp-json\/wp\/v2\/pages\/776?query-41-page=2\" class=\"wp-block-query-pagination-next\">Next Page<span class='wp-block-query-pagination-next-arrow is-arrow-arrow' aria-hidden='true'>\u2192<\/span><\/a>\n<\/nav><\/div>\n<\/div>\n","protected":false},"excerpt":{"rendered":"","protected":false},"author":1,"featured_media":0,"parent":0,"menu_order":0,"comment_status":"closed","ping_status":"closed","template":"page-no-title","meta":{"footnotes":""},"class_list":["post-776","page","type-page","status-publish","hentry"],"_links":{"self":[{"href":"https:\/\/ghanim-solution.de\/index.php\/wp-json\/wp\/v2\/pages\/776","targetHints":{"allow":["GET"]}}],"collection":[{"href":"https:\/\/ghanim-solution.de\/index.php\/wp-json\/wp\/v2\/pages"}],"about":[{"href":"https:\/\/ghanim-solution.de\/index.php\/wp-json\/wp\/v2\/types\/page"}],"author":[{"embeddable":true,"href":"https:\/\/ghanim-solution.de\/index.php\/wp-json\/wp\/v2\/users\/1"}],"replies":[{"embeddable":true,"href":"https:\/\/ghanim-solution.de\/index.php\/wp-json\/wp\/v2\/comments?post=776"}],"version-history":[{"count":8,"href":"https:\/\/ghanim-solution.de\/index.php\/wp-json\/wp\/v2\/pages\/776\/revisions"}],"predecessor-version":[{"id":2067,"href":"https:\/\/ghanim-solution.de\/index.php\/wp-json\/wp\/v2\/pages\/776\/revisions\/2067"}],"wp:attachment":[{"href":"https:\/\/ghanim-solution.de\/index.php\/wp-json\/wp\/v2\/media?parent=776"}],"curies":[{"name":"wp","href":"https:\/\/api.w.org\/{rel}","templated":true}]}}