{"id":938,"date":"2024-09-20T12:03:32","date_gmt":"2024-09-20T11:03:32","guid":{"rendered":"http:\/\/ghanim-solution.de\/?page_id=938"},"modified":"2024-10-29T09:58:36","modified_gmt":"2024-10-29T09:58:36","slug":"bienenweidenrechner-app","status":"publish","type":"page","link":"https:\/\/ghanim-solution.de\/index.php\/bienenweidenrechner-app\/","title":{"rendered":"Bienenweidenrechner-App"},"content":{"rendered":"\n<div class=\"wp-block-group has-global-padding is-layout-constrained wp-block-group-is-layout-constrained\">\n<div style=\"height:63px\" aria-hidden=\"true\" class=\"wp-block-spacer\"><\/div>\n\n\n\n<figure class=\"wp-block-image aligncenter size-full is-resized\"><img loading=\"lazy\" decoding=\"async\" width=\"600\" height=\"400\" src=\"https:\/\/ghanim-solution.de\/wp-content\/uploads\/2024\/10\/cover.png\" alt=\"\" class=\"wp-image-969\" style=\"width:828px;height:auto\" srcset=\"https:\/\/ghanim-solution.de\/wp-content\/uploads\/2024\/10\/cover.png 600w, https:\/\/ghanim-solution.de\/wp-content\/uploads\/2024\/10\/cover-300x200.png 300w\" sizes=\"auto, (max-width: 600px) 100vw, 600px\" \/><\/figure>\n\n\n\n<div style=\"height:100px\" aria-hidden=\"true\" class=\"wp-block-spacer\"><\/div>\n\n\n\n<p><\/p>\n\n\n\n<p>Das weltweite Bienensterben stellt eine ernsthafte Bedrohung f\u00fcr unsere Umwelt, unsere Nahrungsmittelversorgung und letztendlich f\u00fcr die menschliche Existenz dar. Bienen spielen eine unverzichtbare Rolle bei der Best\u00e4ubung von Pflanzen, was wiederum einen Gro\u00dfteil der Lebensmittelproduktion auf unserem Planeten erm\u00f6glicht. Sie sind ma\u00dfgeblich f\u00fcr die Best\u00e4ubung von Obst, Gem\u00fcse und vielen Nutzpflanzen verantwortlich, die die Grundlage unserer Ern\u00e4hrung bilden. Ohne ausreichende Best\u00e4ubung w\u00fcrden Ernteausf\u00e4lle und Nahrungsmittelknappheit drohen, was eine globale Krise nach sich ziehen k\u00f6nnte.<\/p>\n\n\n\n<p>Das drastische Bienensterben wird durch verschiedene Faktoren verursacht, darunter Pestizide, Krankheiten, Klimawandel und der Verlust von Lebensr\u00e4umen. Es ist von entscheidender Bedeutung, Ma\u00dfnahmen zu ergreifen, um diesen Trend umzukehren und die Bienenv\u00f6lker zu sch\u00fctzen. Hier setzt die Bl\u00fchstreifenrechner-App an.<\/p>\n\n\n\n<p>Die Bl\u00fchstreifenrechner-App wurde entwickelt, um Benutzern dabei zu helfen, Bienenweiden anzulegen und somit einen wichtigen Beitrag zum Schutz der Bienen und ihrer Lebensr\u00e4ume zu leisten. Sie erm\u00f6glicht es den Benutzern, gezielt Pflanzen anzubauen, die Bienen anlocken und Nahrung bieten. Dar\u00fcber hinaus tr\u00e4gt die App zur Schaffung von Bl\u00fchstreifen in urbanen und l\u00e4ndlichen Gebieten bei, was nicht nur Bienen, sondern auch anderen Best\u00e4ubern und der Artenvielfalt zugutekommt.<\/p>\n\n\n\n<p>Die Rettung der Bienen ist ein dr\u00e4ngendes Anliegen, das weitreichende Auswirkungen auf die Umwelt, die Landwirtschaft und letztendlich auf die gesamte Menschheit hat. Die Bl\u00fchstreifenrechner-App zielt darauf ab, Benutzer zu bef\u00e4higen und zu inspirieren, konkrete Schritte zum Schutz der Bienen zu unternehmen. Sie ist ein Werkzeug, um das Bewusstsein f\u00fcr die Bedeutung von Bienen und die Notwendigkeit ihres Schutzes zu sch\u00e4rfen. Damit tr\u00e4gt die App dazu bei, das Bienenaussterben anzugehen und eine nachhaltige Zukunft f\u00fcr uns und kommende Generationen zu sichern.<\/p>\n\n\n\n<div style=\"height:100px\" aria-hidden=\"true\" class=\"wp-block-spacer\"><\/div>\n\n\n\n<figure class=\"wp-block-image aligncenter size-full\"><img loading=\"lazy\" decoding=\"async\" width=\"296\" height=\"640\" src=\"https:\/\/ghanim-solution.de\/wp-content\/uploads\/2024\/10\/bluhstreifenrechner.gif\" alt=\"\" class=\"wp-image-968\"\/><\/figure>\n\n\n\n<div style=\"height:63px\" aria-hidden=\"true\" class=\"wp-block-spacer\"><\/div>\n\n\n\n<p class=\"has-text-align-center has-text-color has-link-color wp-elements-5ce87ddf8f311ea992d4d628352e5762\" style=\"color:#890000\"><a href=\"https:\/\/github.com\/alghanim-lab\/Bienenweidenrechner-App\" target=\"_blank\" rel=\"noreferrer noopener\">Bienenweidenrechner-App auf GitHub<\/a><\/p>\n\n\n\n<p><\/p>\n<\/div>\n","protected":false},"excerpt":{"rendered":"<p>Das weltweite Bienensterben stellt eine ernsthafte Bedrohung f\u00fcr unsere Umwelt, unsere Nahrungsmittelversorgung und letztendlich f\u00fcr die menschliche Existenz dar. Bienen spielen eine unverzichtbare Rolle bei der Best\u00e4ubung von Pflanzen, was wiederum einen Gro\u00dfteil der Lebensmittelproduktion auf unserem Planeten erm\u00f6glicht. Sie sind ma\u00dfgeblich f\u00fcr die Best\u00e4ubung von Obst, Gem\u00fcse und vielen Nutzpflanzen verantwortlich, die die Grundlage [&hellip;]<\/p>\n","protected":false},"author":1,"featured_media":0,"parent":0,"menu_order":0,"comment_status":"closed","ping_status":"closed","template":"","meta":{"footnotes":""},"class_list":["post-938","page","type-page","status-publish","hentry"],"_links":{"self":[{"href":"https:\/\/ghanim-solution.de\/index.php\/wp-json\/wp\/v2\/pages\/938","targetHints":{"allow":["GET"]}}],"collection":[{"href":"https:\/\/ghanim-solution.de\/index.php\/wp-json\/wp\/v2\/pages"}],"about":[{"href":"https:\/\/ghanim-solution.de\/index.php\/wp-json\/wp\/v2\/types\/page"}],"author":[{"embeddable":true,"href":"https:\/\/ghanim-solution.de\/index.php\/wp-json\/wp\/v2\/users\/1"}],"replies":[{"embeddable":true,"href":"https:\/\/ghanim-solution.de\/index.php\/wp-json\/wp\/v2\/comments?post=938"}],"version-history":[{"count":11,"href":"https:\/\/ghanim-solution.de\/index.php\/wp-json\/wp\/v2\/pages\/938\/revisions"}],"predecessor-version":[{"id":1303,"href":"https:\/\/ghanim-solution.de\/index.php\/wp-json\/wp\/v2\/pages\/938\/revisions\/1303"}],"wp:attachment":[{"href":"https:\/\/ghanim-solution.de\/index.php\/wp-json\/wp\/v2\/media?parent=938"}],"curies":[{"name":"wp","href":"https:\/\/api.w.org\/{rel}","templated":true}]}}